{"id":237,"date":"2016-10-08T17:48:43","date_gmt":"2016-10-08T15:48:43","guid":{"rendered":"http:\/\/herzsport-erbach.de\/?page_id=237"},"modified":"2026-03-25T18:08:18","modified_gmt":"2026-03-25T17:08:18","slug":"herzlich-willkommen","status":"publish","type":"page","link":"http:\/\/herzsport-erbach.de\/","title":{"rendered":"Herzlich Willkommen \/ Aktuelles"},"content":{"rendered":"\n<p><\/p>\n\n\n\n<div class=\"wp-block-group\"><div class=\"wp-block-group__inner-container\">\n<p class=\"has-medium-font-size\"><span class=\"has-inline-color has-vivid-red-color\"><strong>Information zu Corona<\/strong><\/span><br>Es gibt keine besondere Einschr\u00e4nkung  mehr.<\/p>\n<\/div><\/div>\n\n\n\n<div class=\"wp-block-group\"><div class=\"wp-block-group__inner-container\">\n<figure class=\"wp-block-table alignright is-style-stripes\"><table><tbody><tr><td><span class=\"has-inline-color has-vivid-red-color\"><strong>Liebe Herzsportler<\/strong>,<\/span><br><br>Immer Dienstags ist f\u00fcr alle Gruppen Sportstunde,<br>au\u00dfer in den Ferien.<br><br><br><br><br><br><br><strong><br><\/strong><br><strong><br><br><\/strong><\/td><\/tr><\/tbody><\/table><\/figure>\n\n\n\n<p><strong><span class=\"has-inline-color has-luminous-vivid-orange-color\">Nach den Osterferien beginnen am 14. April wieder die Sportstunden. <\/span><\/strong><\/p>\n<\/div><\/div>\n\n\n\n<h2><strong><a rel=\"noreferrer noopener\" href=\"\" data-type=\"URL\" data-id=\"Termine:\" target=\"_blank\">Termine: <\/a><\/strong><\/h2>\n\n\n\n<p>        <br><\/p>\n\n\n\n<p><\/p>\n\n\n\n<p><\/p>\n\n\n\n<p><\/p>\n\n\n\n<h2><table>\n  <tr>\n    <td>08. Mai 26<\/td>\n    <td>Jahreshauptversammlung<br>\n                    18:00 Gasthof Hirsch Ersingen\n  <\/tr>\n    <td>17. Juni 26<\/td>\n    <td>Ausflug nach Dinkelb\u00fchl \/ Schloss Weikersheim<br>\n                    genaue Angaben sp\u00e4ter<\/td>\n  <tr>\n    <td>29. August 26<\/td>\n    <td>Sommerfest Musikerheim Erbach<\/td>\n  <\/tr>\n  <tr>\n    <td>12.&nbsp;Dezember&nbsp;26<\/td>\n    <td>Weihnachtsfeier <br>17:30 Hirsch Dellmensingen<\/td>\n  <\/tr>\n<\/table>\n<\/h2>\n\n\n\n<p><strong>Hinweis auf unsere Nordic Walking Gruppe,<\/strong><br><strong>der Lauftreff <\/strong> <strong>ist immer montags um 9:30.<\/strong><br><strong>Jedes HSE Mitglied mit Partner darf teilnehmen. <\/strong><br><strong>Am Montag den 09.01.2023 geht der Lauftreff  wieder <\/strong><br><strong>in Unterweiler  los.<\/strong><br><br>Monatlich wechselt der Laufort und zwar wie folgt:<br>Januar<strong> <\/strong>                 Unterweiler <br>Februar                Bach<br>M\u00e4rz                      Unterweiler<br>April                      Bach <br>Mai                        Unterweiler<br>Juni                       Bach<br>Juli                        Unterweiler<br>August                  Bach<br>September            Unterweiler<br>Oktober                 Bach<br>November             Unterweiler<br>Dezember              Bach<\/p>\n\n\n\n<h2>&nbsp;<\/h2>\n\n\n\n<h1><strong>Unser Herzsport Erbach e.V.<\/strong><\/h1>\n\n\n\n<div class=\"wp-block-image\"><figure class=\"alignleft\"><a href=\"http:\/\/herzsport-erbach.de\/wp-content\/uploads\/2015\/03\/aktiv-im-alter.jpg\"><img loading=\"lazy\" width=\"300\" height=\"300\" src=\"http:\/\/herzsport-erbach.de\/wp-content\/uploads\/2015\/03\/aktiv-im-alter-300x300.jpg\" alt=\"Aktiv im Alter\" class=\"wp-image-19\" srcset=\"http:\/\/herzsport-erbach.de\/wp-content\/uploads\/2015\/03\/aktiv-im-alter.jpg 300w, http:\/\/herzsport-erbach.de\/wp-content\/uploads\/2015\/03\/aktiv-im-alter-150x150.jpg 150w\" sizes=\"(max-width: 300px) 100vw, 300px\" \/><\/a><\/figure><\/div>\n\n\n\n<p>Der Verein ist eine Selbsthilfegruppe mit 220 Mitgliedern und setzt sich die Aufgabe, Herzpatienten verschiedener Schweregrade in harmonisierende Leistungsgruppen zusammenzufassen. Durch gezielte Bewegungstherapie, Gymnastik und Ausdauertraining, welche unter \u00e4rztlicher Aufsicht durch speziell ausgebildete und qualifizierte \u00dcbungsleiter\/-innen in entsprechenden Leistungsgruppenabgehalten werden, sollen Herzpatienten sub- und objektiv wieder Vertrauen in das eigene k\u00f6rperliche Leistungsverm\u00f6gen finden.<\/p>\n\n\n\n<p class=\"has-text-align-left\">Dazu z\u00e4hlt auch unser Nordic Walking bei fast jedem Wetter und andere Aktivit\u00e4ten.<\/p>\n\n\n\n<p><strong>Sie interessieren sich f\u00fcr die Mitgliedschaft bei Herzsport Erbach e.V. ?<\/strong><\/p>\n\n\n\n<p>Nach der kardiologischen Behandlung wird zur Wiederherstellung der k\u00f6rperlichen F\u00e4higkeiten der Herzsport \u00e4rztlich verordnet. Die Kosten\u00fcbernahme erfolgt durch die jeweiligen Krankenkassen und wird f\u00fcr einen Zeitraum von 24 Monaten als Erstverordnung bewilligt.<strong><br><\/strong><\/p>\n\n\n\n<blockquote class=\"wp-block-quote\"><p>Wir freuen uns auf ihr Interesse. Fragen zu einer Mitgliedschaft beantworten wir Ihnen gerne.<\/p><\/blockquote>\n","protected":false},"excerpt":{"rendered":"<p>Information zu CoronaEs gibt keine besondere Einschr\u00e4nkung mehr. Liebe Herzsportler, Immer Dienstags ist f\u00fcr alle Gruppen Sportstunde,au\u00dfer in den Ferien. Nach den Osterferien beginnen am 14. April wieder die Sportstunden. Termine: 08. Mai 26 Jahreshauptversammlung 18:00 Gasthof Hirsch Ersingen 17. Juni 26 Ausflug nach Dinkelb\u00fchl \/ Schloss Weikersheim genaue Angaben sp\u00e4ter 29. August 26 Sommerfest [&hellip;]<\/p>\n","protected":false},"author":1,"featured_media":0,"parent":0,"menu_order":0,"comment_status":"closed","ping_status":"closed","template":"","meta":[],"_links":{"self":[{"href":"http:\/\/herzsport-erbach.de\/index.php?rest_route=\/wp\/v2\/pages\/237"}],"collection":[{"href":"http:\/\/herzsport-erbach.de\/index.php?rest_route=\/wp\/v2\/pages"}],"about":[{"href":"http:\/\/herzsport-erbach.de\/index.php?rest_route=\/wp\/v2\/types\/page"}],"author":[{"embeddable":true,"href":"http:\/\/herzsport-erbach.de\/index.php?rest_route=\/wp\/v2\/users\/1"}],"replies":[{"embeddable":true,"href":"http:\/\/herzsport-erbach.de\/index.php?rest_route=%2Fwp%2Fv2%2Fcomments&post=237"}],"version-history":[{"count":104,"href":"http:\/\/herzsport-erbach.de\/index.php?rest_route=\/wp\/v2\/pages\/237\/revisions"}],"predecessor-version":[{"id":496,"href":"http:\/\/herzsport-erbach.de\/index.php?rest_route=\/wp\/v2\/pages\/237\/revisions\/496"}],"wp:attachment":[{"href":"http:\/\/herzsport-erbach.de\/index.php?rest_route=%2Fwp%2Fv2%2Fmedia&parent=237"}],"curies":[{"name":"wp","href":"https:\/\/api.w.org\/{rel}","templated":true}]}}