{"id":26,"date":"2015-03-16T11:02:42","date_gmt":"2015-03-16T11:02:42","guid":{"rendered":"http:\/\/hse30.herzsport-erbach.de\/?page_id=26"},"modified":"2020-05-01T10:45:46","modified_gmt":"2020-05-01T08:45:46","slug":"unser-sportangebot","status":"publish","type":"page","link":"http:\/\/herzsport-erbach.de\/?page_id=26","title":{"rendered":"Unser Rehasport"},"content":{"rendered":"<p><strong>Rehabilitationssport in Herzgruppen<\/strong><\/p>\n<div>Herzgruppen betreuen chronisch Herzkranke im Sinne einer lebenslangen Rehabilitation am Heimatort. Bezeichnet werden sie als \u00e4rztlich betreute und begleitete <a href=\"http:\/\/herzsport-erbach.de\/wp-content\/uploads\/2015\/03\/PICT3662.jpg\"><img loading=\"lazy\" class=\"alignleft size-medium wp-image-53\" src=\"http:\/\/herzsport-erbach.de\/wp-content\/uploads\/2015\/03\/PICT3662-300x225.jpg\" alt=\"Digital StillCamera\" width=\"300\" height=\"225\" srcset=\"http:\/\/herzsport-erbach.de\/wp-content\/uploads\/2015\/03\/PICT3662-300x225.jpg 300w, http:\/\/herzsport-erbach.de\/wp-content\/uploads\/2015\/03\/PICT3662.jpg 800w\" sizes=\"(max-width: 300px) 100vw, 300px\" \/><\/a>Selbsthilfegruppen, in denen die &#8222;M\u00fcndigkeit&#8220; des einzelnen Patienten geweckt und gest\u00e4rkt werden soll, damit er als &#8222;Fachmann seiner Krankheit&#8220; kompetent Selbstverantwortung \u00fcbernehmen kann.<\/div>\n<p>Dazu erlernt er in den Herzgruppen die Einsch\u00e4tzung seiner eigenen k\u00f6rperlichen Belastbarkeit, die Beherrschung seiner pers\u00f6nlichen Risikofaktoren (Sekund\u00e4rpr\u00e4vention) und die Bew\u00e4ltigung seiner pers\u00f6nlichen Behinderung durch die chronische Krankheit.<\/p>\n<p>Ein- bis zweimal pro Woche werden bundesweit in rund 6.000 Herzgruppen \u00fcber 100.000 Patienten, z. T. mit ihren Lebenspartnern, so betreut und angeleitet von entsprechend qualifizierten \u00dcbungsleitern und mehr als 7.000 \u00c4rzten, die diese Aufgabe in ihrer gro\u00dfen Mehrzahl ehrenamtlich aus\u00fcben.<a href=\"http:\/\/herzsport-erbach.de\/wp-content\/uploads\/2015\/03\/img_0268_20120409_1791119405.jpg\"><img loading=\"lazy\" class=\"alignleft size-medium wp-image-79\" src=\"http:\/\/herzsport-erbach.de\/wp-content\/uploads\/2015\/03\/img_0268_20120409_1791119405-300x200.jpg\" alt=\"img_0268_20120409_1791119405\" width=\"300\" height=\"200\" srcset=\"http:\/\/herzsport-erbach.de\/wp-content\/uploads\/2015\/03\/img_0268_20120409_1791119405-300x200.jpg 300w, http:\/\/herzsport-erbach.de\/wp-content\/uploads\/2015\/03\/img_0268_20120409_1791119405-1024x682.jpg 1024w\" sizes=\"(max-width: 300px) 100vw, 300px\" \/><\/a><\/p>\n<p><strong>Gesetzliche und vertragliche Grundlagen<\/strong><br \/>Rehabilitationssport in Herzgruppen ist eine erg\u00e4nzende Leistung zur medizinischen Rehabilitation nach Sozialgesetzbuch (SGB) V \u00a7 43 in Verbindung mit SGB IX \u00a7 44. Die Rehabilitationstr\u00e4ger (gesetzliche Krankenkassen, gesetzliche Renten- und Unfallversicherungstr\u00e4ger), haben gemeinsam mit dem Deutschen Behindertensportverband (DBS), der Deutschen Gesellschaft f\u00fcr Pr\u00e4vention und Rehabilitation von Herz-Kreislauferkrankungen (DGPR) und der Deutschen Rheuma-Liga (DRL) nach Beratungen auf Ebene der Bundesarbeitsgemeinschaft f\u00fcr Rehabilitation (BAR) die Durchf\u00fchrung von Rehabilitationssport und Funktionstraining durch die am 1. Oktober 2003 in Kraft getretene Rahmenvereinbarung neu geregelt.<br \/>Die <strong>Rahmenvereinbarung \u00fcber den Rehabilitationssport und das Funktionstraining vom 1.10.2003<\/strong> l\u00f6ste die bis dahin geltende \u201eGesamtvereinbarung \u00fcber den Rehabilitationssport und das Funktionstraining vom 1. Januar 1994\u201c ab. Seit Jahresbeginn 2019 liegt die <strong>Rahmenvereinbarung in der Fassung vom 01.01.2019<\/strong> vor.<\/p>\n<p><a href=\"http:\/\/www.dgpr.de\/\" target=\"_blank\" rel=\"noopener noreferrer\">(Deutsche Gesellschaft f\u00fcr Pr\u00e4vention und Rehabilitation von Herz-Kreislauferkrankungen e.V.<\/a>)<\/p>\n<p>Der Herzsport Erbach e.V. hat zur Zeit 6 Sportgruppen, welche in 4 leistungsbezogenen Gruppen eingeteilt sind (max. 20 Personen pro Gruppe).<br \/>Die Gruppen werden von \u00dcberungsleiter\/-innen geleitet, die den Qualit\u00e4tsanforderungen f\u00fcr den Rehabilitationssport entsprechen. <br \/>Die \u00e4rztliche Betreuung ist durch den anwesenden Arzt gegeben. <br \/>Eine Herzsportstunde dauert 60 Minuten und findet dienstags ab 16:00 Uhr in der Erlenbachhalle (Halle und Fitnessraum) statt.<\/p>\n<p><strong>Zeitplan:<br \/><\/strong>16:00 &#8211; 17:00 Uhr &#8211; Gruppe 1 und Gruppe 3b<br \/>17:00 &#8211; 18:00 Uhr &#8211; Gruppe 2a und Gruppe 2b<br \/>18:00 &#8211; 19:00 Uhr &#8211; Gruppe 3a<br \/>19:00 &#8211; 20:00 Uhr &#8211; Gruppe 4<\/p>\n\n\n<p><\/p>\n","protected":false},"excerpt":{"rendered":"<p>Rehabilitationssport in Herzgruppen Herzgruppen betreuen chronisch Herzkranke im Sinne einer lebenslangen Rehabilitation am Heimatort. Bezeichnet werden sie als \u00e4rztlich betreute und begleitete Selbsthilfegruppen, in denen die &#8222;M\u00fcndigkeit&#8220; des einzelnen Patienten geweckt und gest\u00e4rkt werden soll, damit er als &#8222;Fachmann seiner Krankheit&#8220; kompetent Selbstverantwortung \u00fcbernehmen kann. Dazu erlernt er in den Herzgruppen die Einsch\u00e4tzung seiner eigenen [&hellip;]<\/p>\n","protected":false},"author":1,"featured_media":0,"parent":0,"menu_order":1,"comment_status":"closed","ping_status":"open","template":"","meta":[],"_links":{"self":[{"href":"http:\/\/herzsport-erbach.de\/index.php?rest_route=\/wp\/v2\/pages\/26"}],"collection":[{"href":"http:\/\/herzsport-erbach.de\/index.php?rest_route=\/wp\/v2\/pages"}],"about":[{"href":"http:\/\/herzsport-erbach.de\/index.php?rest_route=\/wp\/v2\/types\/page"}],"author":[{"embeddable":true,"href":"http:\/\/herzsport-erbach.de\/index.php?rest_route=\/wp\/v2\/users\/1"}],"replies":[{"embeddable":true,"href":"http:\/\/herzsport-erbach.de\/index.php?rest_route=%2Fwp%2Fv2%2Fcomments&post=26"}],"version-history":[{"count":10,"href":"http:\/\/herzsport-erbach.de\/index.php?rest_route=\/wp\/v2\/pages\/26\/revisions"}],"predecessor-version":[{"id":439,"href":"http:\/\/herzsport-erbach.de\/index.php?rest_route=\/wp\/v2\/pages\/26\/revisions\/439"}],"wp:attachment":[{"href":"http:\/\/herzsport-erbach.de\/index.php?rest_route=%2Fwp%2Fv2%2Fmedia&parent=26"}],"curies":[{"name":"wp","href":"https:\/\/api.w.org\/{rel}","templated":true}]}}