{"id":75,"date":"2015-03-16T18:56:00","date_gmt":"2015-03-16T18:56:00","guid":{"rendered":"http:\/\/hse30.herzsport-erbach.de\/?page_id=75"},"modified":"2020-05-01T10:27:58","modified_gmt":"2020-05-01T08:27:58","slug":"sontige-aktivitaeten","status":"publish","type":"page","link":"http:\/\/herzsport-erbach.de\/?page_id=75","title":{"rendered":"Sonstige Aktivit\u00e4ten"},"content":{"rendered":"<ul>\n<li>Jahreshauptversammlung<\/li>\n<li>Jahresausflug<\/li>\n<li>Sommerfest<\/li>\n<li>Weihnachtsfeier oder Besuch eines Weihnachtsmarks<\/li>\n<\/ul>\n<p><strong>Sporangebote:<br \/>\n<\/strong>Zu den Sportangeboten geh\u00f6ren auch au\u00dferplanm\u00e4\u00dfige Aktivit\u00e4ten wie Kegeln, Wanderungen, sowie andere organisierte Feste. So wurde das Wir-Gef\u00fchl auch au\u00dferhalb der Sportabende in der Herzsportgruppe verst\u00e4rkt.<\/p>\n<p><a href=\"http:\/\/herzsport-erbach.de\/wp-content\/uploads\/2015\/03\/016-vier-Gratzien.jpg\"><img loading=\"lazy\" class=\"size-medium wp-image-81 alignnone\" src=\"http:\/\/herzsport-erbach.de\/wp-content\/uploads\/2015\/03\/016-vier-Gratzien-300x211.jpg\" alt=\"016 vier Gratzien\" width=\"300\" height=\"211\" srcset=\"http:\/\/herzsport-erbach.de\/wp-content\/uploads\/2015\/03\/016-vier-Gratzien-300x211.jpg 300w, http:\/\/herzsport-erbach.de\/wp-content\/uploads\/2015\/03\/016-vier-Gratzien.jpg 390w\" sizes=\"(max-width: 300px) 100vw, 300px\" \/><\/a><\/p>\n<p><a href=\"http:\/\/herzsport-erbach.de\/wp-content\/uploads\/2015\/03\/Pict1356.jpg\"><img loading=\"lazy\" class=\"size-medium wp-image-83 alignnone\" src=\"http:\/\/herzsport-erbach.de\/wp-content\/uploads\/2015\/03\/Pict1356-300x211.jpg\" alt=\"Pict1356\" width=\"300\" height=\"211\" srcset=\"http:\/\/herzsport-erbach.de\/wp-content\/uploads\/2015\/03\/Pict1356-300x211.jpg 300w, http:\/\/herzsport-erbach.de\/wp-content\/uploads\/2015\/03\/Pict1356.jpg 390w\" sizes=\"(max-width: 300px) 100vw, 300px\" \/><\/a><\/p>\n<p><strong>UND! Man lernt nie aus&#8230;<\/strong><\/p>\n<p>Mit Schulungen und Weiterbildungen halten wir uns auf Stand. Wie zum Beispiel ein Erste Hilfe Kurs oder ein Vortrag \u00fcber Herzinfarkt.<\/p>\n<p><a href=\"http:\/\/herzsport-erbach.de\/wp-content\/uploads\/2015\/03\/img_0194_20140318_1686947367.jpg\"><img loading=\"lazy\" class=\" size-medium wp-image-76 alignnone\" src=\"http:\/\/herzsport-erbach.de\/wp-content\/uploads\/2015\/03\/img_0194_20140318_1686947367-300x200.jpg\" alt=\"img_0194_20140318_1686947367\" width=\"300\" height=\"200\" srcset=\"http:\/\/herzsport-erbach.de\/wp-content\/uploads\/2015\/03\/img_0194_20140318_1686947367-300x200.jpg 300w, http:\/\/herzsport-erbach.de\/wp-content\/uploads\/2015\/03\/img_0194_20140318_1686947367.jpg 400w\" sizes=\"(max-width: 300px) 100vw, 300px\" \/><\/a><\/p>\n","protected":false},"excerpt":{"rendered":"<p>Jahreshauptversammlung Jahresausflug Sommerfest Weihnachtsfeier oder Besuch eines Weihnachtsmarks Sporangebote: Zu den Sportangeboten geh\u00f6ren auch au\u00dferplanm\u00e4\u00dfige Aktivit\u00e4ten wie Kegeln, Wanderungen, sowie andere organisierte Feste. So wurde das Wir-Gef\u00fchl auch au\u00dferhalb der Sportabende in der Herzsportgruppe verst\u00e4rkt. UND! Man lernt nie aus&#8230; Mit Schulungen und Weiterbildungen halten wir uns auf Stand. Wie zum Beispiel ein Erste Hilfe [&hellip;]<\/p>\n","protected":false},"author":1,"featured_media":0,"parent":0,"menu_order":3,"comment_status":"closed","ping_status":"open","template":"","meta":[],"_links":{"self":[{"href":"http:\/\/herzsport-erbach.de\/index.php?rest_route=\/wp\/v2\/pages\/75"}],"collection":[{"href":"http:\/\/herzsport-erbach.de\/index.php?rest_route=\/wp\/v2\/pages"}],"about":[{"href":"http:\/\/herzsport-erbach.de\/index.php?rest_route=\/wp\/v2\/types\/page"}],"author":[{"embeddable":true,"href":"http:\/\/herzsport-erbach.de\/index.php?rest_route=\/wp\/v2\/users\/1"}],"replies":[{"embeddable":true,"href":"http:\/\/herzsport-erbach.de\/index.php?rest_route=%2Fwp%2Fv2%2Fcomments&post=75"}],"version-history":[{"count":14,"href":"http:\/\/herzsport-erbach.de\/index.php?rest_route=\/wp\/v2\/pages\/75\/revisions"}],"predecessor-version":[{"id":299,"href":"http:\/\/herzsport-erbach.de\/index.php?rest_route=\/wp\/v2\/pages\/75\/revisions\/299"}],"wp:attachment":[{"href":"http:\/\/herzsport-erbach.de\/index.php?rest_route=%2Fwp%2Fv2%2Fmedia&parent=75"}],"curies":[{"name":"wp","href":"https:\/\/api.w.org\/{rel}","templated":true}]}}